{"id":175,"date":"2021-04-23T15:41:20","date_gmt":"2021-04-23T15:41:20","guid":{"rendered":"http:\/\/kits.themecy.com\/membership\/?page_id=175"},"modified":"2025-04-11T12:55:04","modified_gmt":"2025-04-11T12:55:04","slug":"blog-2","status":"publish","type":"page","link":"https:\/\/dkbuslab.com\/?page_id=175","title":{"rendered":"Innovations"},"content":{"rendered":"\n<div class=\"wp-block-group alignfull has-raft-bg-background-color has-background is-layout-constrained wp-container-core-group-is-layout-ca21e7af wp-block-group-is-layout-constrained\" style=\"margin-top:0;margin-bottom:0;padding-top:var(--wp--preset--spacing--80);padding-right:var(--wp--preset--spacing--40);padding-bottom:var(--wp--preset--spacing--80);padding-left:var(--wp--preset--spacing--40)\">\n<div class=\"wp-block-query is-layout-constrained wp-block-query-is-layout-constrained\"><ul class=\"wp-block-post-template is-layout-flow wp-block-post-template-is-layout-flow\"><li class=\"wp-block-post post-1424 post type-post status-publish format-standard has-post-thumbnail hentry category-innovations\">\n\n<div class=\"wp-block-group is-layout-constrained wp-container-core-group-is-layout-7918c2e5 wp-block-group-is-layout-constrained\" style=\"margin-bottom:var(--wp--preset--spacing--60)\"><figure style=\"aspect-ratio:16\/9;\" class=\"wp-block-post-featured-image\"><a href=\"https:\/\/dkbuslab.com\/?p=1424\" target=\"_self\"  ><img loading=\"lazy\" decoding=\"async\" width=\"600\" height=\"400\" src=\"https:\/\/dkbuslab.com\/wp-content\/uploads\/2025\/04\/dd.png\" class=\"attachment-post-thumbnail size-post-thumbnail wp-post-image\" alt=\"Am\u00e9lioration de l\u2019information voyageur gr\u00e2ce \u00e0 l\u2019intelligence artificielle\" style=\"width:100%;height:100%;object-fit:cover;\" srcset=\"https:\/\/dkbuslab.com\/wp-content\/uploads\/2025\/04\/dd.png 600w, https:\/\/dkbuslab.com\/wp-content\/uploads\/2025\/04\/dd-300x200.png 300w\" sizes=\"auto, (max-width: 600px) 100vw, 600px\" \/><\/a><\/figure>\n\n\n<div class=\"wp-block-group has-raft-bg-alt-background-color has-background is-layout-constrained wp-container-core-group-is-layout-455aa0f5 wp-block-group-is-layout-constrained\" style=\"padding-top:var(--wp--preset--spacing--60);padding-right:var(--wp--preset--spacing--60);padding-bottom:var(--wp--preset--spacing--60);padding-left:var(--wp--preset--spacing--60)\">\n<div class=\"wp-block-group is-content-justification-space-between is-nowrap is-layout-flex wp-container-core-group-is-layout-cb46ffcb wp-block-group-is-layout-flex\"><div class=\"taxonomy-category has-text-align-center wp-block-post-terms has-small-font-size\"><a href=\"https:\/\/dkbuslab.com\/?cat=1\" rel=\"tag\">Innovations<\/a><\/div>\n\n<div class=\"has-text-align-center wp-block-post-date has-small-font-size\"><time datetime=\"2025-05-14T09:48:47+00:00\">mai 14, 2025<\/time><\/div><\/div>\n\n\n<h2 class=\"has-text-align-left wp-block-post-title has-x-large-font-size\"><a href=\"https:\/\/dkbuslab.com\/?p=1424\" target=\"_self\" >Am\u00e9lioration de l\u2019information voyageur gr\u00e2ce \u00e0 l\u2019intelligence artificielle<\/a><\/h2>\n\n<div class=\"has-link-color wp-elements-8cefb2c82ec582fd7967515b9f0bcca8 wp-block-post-excerpt\"><p class=\"wp-block-post-excerpt__excerpt\">L\u2019information voyageur entre dans une nouvelle \u00e8re gr\u00e2ce \u00e0 l\u2019intelligence artificielle. Notre r\u00e9seau de transport b\u00e9n\u00e9ficie aujourd\u2019hui d\u2019une innovation d\u00e9velopp\u00e9e par la startup Pathway, partenaire de Transdev et de l\u2019\u00e9cosyst\u00e8me ZeBox, sp\u00e9cialis\u00e9e dans le traitement de donn\u00e9es en temps r\u00e9el. <a class=\"wp-block-post-excerpt__more-link\" href=\"https:\/\/dkbuslab.com\/?p=1424\">Continuer la lecture<\/a><\/p><\/div><\/div>\n<\/div>\n\n<\/li><li class=\"wp-block-post post-1655 post type-post status-publish format-standard has-post-thumbnail hentry category-innovations\">\n\n<div class=\"wp-block-group is-layout-constrained wp-container-core-group-is-layout-7918c2e5 wp-block-group-is-layout-constrained\" style=\"margin-bottom:var(--wp--preset--spacing--60)\"><figure style=\"aspect-ratio:16\/9;\" class=\"wp-block-post-featured-image\"><a href=\"https:\/\/dkbuslab.com\/?p=1655\" target=\"_self\"  ><img loading=\"lazy\" decoding=\"async\" width=\"600\" height=\"400\" src=\"https:\/\/dkbuslab.com\/wp-content\/uploads\/2025\/04\/mobile.png\" class=\"attachment-post-thumbnail size-post-thumbnail wp-post-image\" alt=\"DK&rsquo;BUS Assistant : une intelligence artificielle dans un chatBot\" style=\"width:100%;height:100%;object-fit:cover;\" srcset=\"https:\/\/dkbuslab.com\/wp-content\/uploads\/2025\/04\/mobile.png 600w, https:\/\/dkbuslab.com\/wp-content\/uploads\/2025\/04\/mobile-300x200.png 300w\" sizes=\"auto, (max-width: 600px) 100vw, 600px\" \/><\/a><\/figure>\n\n\n<div class=\"wp-block-group has-raft-bg-alt-background-color has-background is-layout-constrained wp-container-core-group-is-layout-455aa0f5 wp-block-group-is-layout-constrained\" style=\"padding-top:var(--wp--preset--spacing--60);padding-right:var(--wp--preset--spacing--60);padding-bottom:var(--wp--preset--spacing--60);padding-left:var(--wp--preset--spacing--60)\">\n<div class=\"wp-block-group is-content-justification-space-between is-nowrap is-layout-flex wp-container-core-group-is-layout-cb46ffcb wp-block-group-is-layout-flex\"><div class=\"taxonomy-category has-text-align-center wp-block-post-terms has-small-font-size\"><a href=\"https:\/\/dkbuslab.com\/?cat=1\" rel=\"tag\">Innovations<\/a><\/div>\n\n<div class=\"has-text-align-center wp-block-post-date has-small-font-size\"><time datetime=\"2025-05-14T09:45:00+00:00\">mai 14, 2025<\/time><\/div><\/div>\n\n\n<h2 class=\"has-text-align-left wp-block-post-title has-x-large-font-size\"><a href=\"https:\/\/dkbuslab.com\/?p=1655\" target=\"_self\" >DK&rsquo;BUS Assistant : une intelligence artificielle dans un chatBot<\/a><\/h2>\n\n<div class=\"has-link-color wp-elements-8cefb2c82ec582fd7967515b9f0bcca8 wp-block-post-excerpt\"><p class=\"wp-block-post-excerpt__excerpt\">Une innovation r\u00e9volutionnaire vient de voir le jour! DK&rsquo;BUS Assistant, une v\u00e9ritable intelligence artificielle au service de vos d\u00e9placements et de vos recherche de solutions mobilit\u00e9. DK&rsquo;BUS Assistant est un v\u00e9ritable outil d&rsquo;accompagnement de la mobilit\u00e9 avec lequel vous pouvez interagir au travers d&rsquo;un chatBot : demander son itin\u00e9raire, des horaires, des lieux&#8230; Mais l&rsquo;outil <a class=\"wp-block-post-excerpt__more-link\" href=\"https:\/\/dkbuslab.com\/?p=1655\">Continuer la lecture<\/a><\/p><\/div><\/div>\n<\/div>\n\n<\/li><li class=\"wp-block-post post-1 post type-post status-publish format-standard has-post-thumbnail hentry category-innovations\">\n\n<div class=\"wp-block-group is-layout-constrained wp-container-core-group-is-layout-7918c2e5 wp-block-group-is-layout-constrained\" style=\"margin-bottom:var(--wp--preset--spacing--60)\"><figure style=\"aspect-ratio:16\/9;\" class=\"wp-block-post-featured-image\"><a href=\"https:\/\/dkbuslab.com\/?p=1\" target=\"_self\"  ><img loading=\"lazy\" decoding=\"async\" width=\"600\" height=\"400\" src=\"https:\/\/dkbuslab.com\/wp-content\/uploads\/2025\/04\/arret.png\" class=\"attachment-post-thumbnail size-post-thumbnail wp-post-image\" alt=\"Widget TFT\" style=\"width:100%;height:100%;object-fit:cover;\" srcset=\"https:\/\/dkbuslab.com\/wp-content\/uploads\/2025\/04\/arret.png 600w, https:\/\/dkbuslab.com\/wp-content\/uploads\/2025\/04\/arret-300x200.png 300w\" sizes=\"auto, (max-width: 600px) 100vw, 600px\" \/><\/a><\/figure>\n\n\n<div class=\"wp-block-group has-raft-bg-alt-background-color has-background is-layout-constrained wp-container-core-group-is-layout-455aa0f5 wp-block-group-is-layout-constrained\" style=\"padding-top:var(--wp--preset--spacing--60);padding-right:var(--wp--preset--spacing--60);padding-bottom:var(--wp--preset--spacing--60);padding-left:var(--wp--preset--spacing--60)\">\n<div class=\"wp-block-group is-content-justification-space-between is-nowrap is-layout-flex wp-container-core-group-is-layout-cb46ffcb wp-block-group-is-layout-flex\"><div class=\"taxonomy-category has-text-align-center wp-block-post-terms has-small-font-size\"><a href=\"https:\/\/dkbuslab.com\/?cat=1\" rel=\"tag\">Innovations<\/a><\/div>\n\n<div class=\"has-text-align-center wp-block-post-date has-small-font-size\"><time datetime=\"2025-04-09T08:28:51+00:00\">avril 9, 2025<\/time><\/div><\/div>\n\n\n<h2 class=\"has-text-align-left wp-block-post-title has-x-large-font-size\"><a href=\"https:\/\/dkbuslab.com\/?p=1\" target=\"_self\" >Widget TFT<\/a><\/h2>\n\n<div class=\"has-link-color wp-elements-8cefb2c82ec582fd7967515b9f0bcca8 wp-block-post-excerpt\"><p class=\"wp-block-post-excerpt__excerpt\">Retrouver l&rsquo;information temps r\u00e9el partout et tout le temps! Dans la plupart des lieux accueillant du public, nous retrouvons maintenant des \u00e9crans d&rsquo;affichage qui permettent de diffuser des informations diverses, vid\u00e9os, affiches etc&#8230; Ces \u00e9crans sont g\u00e9n\u00e9ralement connect\u00e9s au web. D\u00e8s maintenant, il y a possibilit\u00e9 d&rsquo;afficher les prochains d\u00e9parts des bus en temps r\u00e9el <a class=\"wp-block-post-excerpt__more-link\" href=\"https:\/\/dkbuslab.com\/?p=1\">Continuer la lecture<\/a><\/p><\/div><\/div>\n<\/div>\n\n<\/li><\/ul>\n\n\n<div class=\"wp-block-group is-layout-flow wp-block-group-is-layout-flow\" style=\"margin-top:var(--wp--preset--spacing--60);margin-bottom:var(--wp--preset--spacing--60)\"><\/div>\n\n\n<\/div>\n<\/div>\n","protected":false},"excerpt":{"rendered":"","protected":false},"author":1,"featured_media":0,"parent":0,"menu_order":0,"comment_status":"closed","ping_status":"closed","template":"","meta":{"footnotes":""},"class_list":["post-175","page","type-page","status-publish","hentry"],"_links":{"self":[{"href":"https:\/\/dkbuslab.com\/index.php?rest_route=\/wp\/v2\/pages\/175","targetHints":{"allow":["GET"]}}],"collection":[{"href":"https:\/\/dkbuslab.com\/index.php?rest_route=\/wp\/v2\/pages"}],"about":[{"href":"https:\/\/dkbuslab.com\/index.php?rest_route=\/wp\/v2\/types\/page"}],"author":[{"embeddable":true,"href":"https:\/\/dkbuslab.com\/index.php?rest_route=\/wp\/v2\/users\/1"}],"replies":[{"embeddable":true,"href":"https:\/\/dkbuslab.com\/index.php?rest_route=%2Fwp%2Fv2%2Fcomments&post=175"}],"version-history":[{"count":6,"href":"https:\/\/dkbuslab.com\/index.php?rest_route=\/wp\/v2\/pages\/175\/revisions"}],"predecessor-version":[{"id":1542,"href":"https:\/\/dkbuslab.com\/index.php?rest_route=\/wp\/v2\/pages\/175\/revisions\/1542"}],"wp:attachment":[{"href":"https:\/\/dkbuslab.com\/index.php?rest_route=%2Fwp%2Fv2%2Fmedia&parent=175"}],"curies":[{"name":"wp","href":"https:\/\/api.w.org\/{rel}","templated":true}]}}